{"id":141,"date":"2013-04-15T14:05:19","date_gmt":"2013-04-15T14:05:19","guid":{"rendered":"http:\/\/www.nubecix.com\/?page_id=141"},"modified":"2013-04-18T11:33:14","modified_gmt":"2013-04-18T11:33:14","slug":"mision","status":"publish","type":"page","link":"https:\/\/www.nubecix.com\/?page_id=141","title":{"rendered":"Misi\u00f3n"},"content":{"rendered":"<h2><a href=\"http:\/\/www.nubecix.com\/wp-content\/uploads\/2013\/04\/mision1.jpg\"><img loading=\"lazy\" decoding=\"async\" class=\" wp-image-176 alignright\" alt=\"mision\" src=\"http:\/\/www.nubecix.com\/wp-content\/uploads\/2013\/04\/mision1.jpg\" width=\"130\" height=\"150\" \/><\/a><\/h2>\n<p style=\"text-align: justify;\"><span style=\"text-align: justify; font-size: 13px;\">Desarrollar sus ideas en la web con todas las variantes que ofrecemos y hacer posible que Usted publique una p\u00e1gina web a su medida, de calidad y de la cual obtenga la m\u00e1xima rentabilidad, e indexaci\u00f3n en los principales motores de b\u00fasqueda,\u00a0 asimismo quede satisfecho con el trabajo realizado en el desarrollo de su sitio web para lo cual lo estaremos monitoreando constantemente, ya que nuestra misi\u00f3n es crecer junto con Usted.<\/span><\/p>\n","protected":false},"excerpt":{"rendered":"<p>Desarrollar sus ideas en la web con todas las variantes que ofrecemos y hacer posible que Usted publique una p\u00e1gina web a su medida, de calidad y de la cual obtenga la m\u00e1xima rentabilidad, e indexaci\u00f3n en los principales motores [&hellip;]<\/p>\n","protected":false},"author":1,"featured_media":0,"parent":0,"menu_order":0,"comment_status":"closed","ping_status":"closed","template":"","meta":{"footnotes":""},"_links":{"self":[{"href":"https:\/\/www.nubecix.com\/index.php?rest_route=\/wp\/v2\/pages\/141"}],"collection":[{"href":"https:\/\/www.nubecix.com\/index.php?rest_route=\/wp\/v2\/pages"}],"about":[{"href":"https:\/\/www.nubecix.com\/index.php?rest_route=\/wp\/v2\/types\/page"}],"author":[{"embeddable":true,"href":"https:\/\/www.nubecix.com\/index.php?rest_route=\/wp\/v2\/users\/1"}],"replies":[{"embeddable":true,"href":"https:\/\/www.nubecix.com\/index.php?rest_route=%2Fwp%2Fv2%2Fcomments&post=141"}],"version-history":[{"count":13,"href":"https:\/\/www.nubecix.com\/index.php?rest_route=\/wp\/v2\/pages\/141\/revisions"}],"predecessor-version":[{"id":188,"href":"https:\/\/www.nubecix.com\/index.php?rest_route=\/wp\/v2\/pages\/141\/revisions\/188"}],"wp:attachment":[{"href":"https:\/\/www.nubecix.com\/index.php?rest_route=%2Fwp%2Fv2%2Fmedia&parent=141"}],"curies":[{"name":"wp","href":"https:\/\/api.w.org\/{rel}","templated":true}]}}