{"id":142,"date":"2013-04-15T14:05:34","date_gmt":"2013-04-15T14:05:34","guid":{"rendered":"http:\/\/www.nubecix.com\/?page_id=142"},"modified":"2013-04-18T11:30:37","modified_gmt":"2013-04-18T11:30:37","slug":"vision","status":"publish","type":"page","link":"https:\/\/www.nubecix.com\/?page_id=142","title":{"rendered":"Visi\u00f3n"},"content":{"rendered":"<p><a href=\"http:\/\/www.nubecix.com\/wp-content\/uploads\/2013\/04\/vision.png\"><img loading=\"lazy\" decoding=\"async\" class=\" wp-image-183 alignleft\" alt=\"vision\" src=\"http:\/\/www.nubecix.com\/wp-content\/uploads\/2013\/04\/vision.png\" width=\"150\" height=\"150\" srcset=\"https:\/\/www.nubecix.com\/wp-content\/uploads\/2013\/04\/vision.png 225w, https:\/\/www.nubecix.com\/wp-content\/uploads\/2013\/04\/vision-150x150.png 150w\" sizes=\"(max-width: 150px) 100vw, 150px\" \/><\/a><\/p>\n<p>Ser empresa l\u00edder en el desarrollo web, orientada a la satisfacci\u00f3n y al compromiso con sus clientes; que ofrece productos y soluciones integrales en desarrollo e implementaci\u00f3n de software, de una manera innovadora, eficiente, eficaz, rentable y competitiva, interesada en el desarrollo econ\u00f3mico de nuestra sociedad, llegando a m\u00e1s clientes mediante nuestros servicios a medida, desde la decisi\u00f3n final hasta el monitoreo despu\u00e9s de la publicaci\u00f3n final.<\/p>\n","protected":false},"excerpt":{"rendered":"<p>Ser empresa l\u00edder en el desarrollo web, orientada a la satisfacci\u00f3n y al compromiso con sus clientes; que ofrece productos y soluciones integrales en desarrollo e implementaci\u00f3n de software, de una manera innovadora, eficiente, eficaz, rentable y competitiva, interesada en [&hellip;]<\/p>\n","protected":false},"author":1,"featured_media":0,"parent":0,"menu_order":0,"comment_status":"closed","ping_status":"closed","template":"","meta":{"footnotes":""},"_links":{"self":[{"href":"https:\/\/www.nubecix.com\/index.php?rest_route=\/wp\/v2\/pages\/142"}],"collection":[{"href":"https:\/\/www.nubecix.com\/index.php?rest_route=\/wp\/v2\/pages"}],"about":[{"href":"https:\/\/www.nubecix.com\/index.php?rest_route=\/wp\/v2\/types\/page"}],"author":[{"embeddable":true,"href":"https:\/\/www.nubecix.com\/index.php?rest_route=\/wp\/v2\/users\/1"}],"replies":[{"embeddable":true,"href":"https:\/\/www.nubecix.com\/index.php?rest_route=%2Fwp%2Fv2%2Fcomments&post=142"}],"version-history":[{"count":3,"href":"https:\/\/www.nubecix.com\/index.php?rest_route=\/wp\/v2\/pages\/142\/revisions"}],"predecessor-version":[{"id":186,"href":"https:\/\/www.nubecix.com\/index.php?rest_route=\/wp\/v2\/pages\/142\/revisions\/186"}],"wp:attachment":[{"href":"https:\/\/www.nubecix.com\/index.php?rest_route=%2Fwp%2Fv2%2Fmedia&parent=142"}],"curies":[{"name":"wp","href":"https:\/\/api.w.org\/{rel}","templated":true}]}}