{"id":33,"date":"2013-03-28T22:38:30","date_gmt":"2013-03-28T22:38:30","guid":{"rendered":"http:\/\/localhost\/sistemas\/?page_id=33"},"modified":"2013-04-12T03:48:38","modified_gmt":"2013-04-12T03:48:38","slug":"portales-informativos","status":"publish","type":"page","link":"https:\/\/www.nubecix.com\/?page_id=33","title":{"rendered":"Portales Informativos"},"content":{"rendered":"<p>Los portales informativos constituyen una alternativa m\u00e1s potente, econ\u00f3mica y flexible que la tradicional revista impresa.<\/p>\n<p>Le permitir\u00e1 exponer noticias, novedades, art\u00edculos y comunicados al mundo entero las 24 horas del d\u00eda los 365 d\u00edas del a\u00f1o.<\/p>\n<p>Los portales informativos pueden contener: texto, im\u00e1genes, audio, videos y un mapa de referencia de Google.<\/p>\n<p>Adem\u00e1s los art\u00edculos, noticias, podr\u00e1n ser clasificados seg\u00fan la secci\u00f3n (Deportes, Pol\u00edtica, etc.) y el Alcance Geogr\u00e1fico (Locales, Regionales, Nacionales, o Internacionales).<br \/>\nOpcionalmente, su portal informativo tambi\u00e9n podr\u00e1 contener:<\/p>\n<p><img loading=\"lazy\" decoding=\"async\" class=\"alignright\" alt=\"\" src=\"http:\/\/www.ua.all.biz\/img\/ua\/service_catalog\/314461.jpeg\" width=\"250\" height=\"250\" \/><\/p>\n<ul>\n<li>Gesti\u00f3n de avisos publicitarios por cliente y categor\u00edas con publicaci\u00f3n por cantidad de clicks o fechas.<\/li>\n<li>Datos del tiempo de la regi\u00f3n en forma autom\u00e1tica.<\/li>\n<li>Inclusi\u00f3n de archivos multimedia, audio, video y animaciones flash.<\/li>\n<li>Registro de usuarios &#8211; Gesti\u00f3n de usuarios.<\/li>\n<li>Comentarios de usuarios en los art\u00edculos publicados.<\/li>\n<li>Facebook &#8211; Youtube &#8211; Twitter.<\/li>\n<li>Programaci\u00f3n de alta y baja de contenidos en forma autom\u00e1tica.<\/li>\n<li>Reproductor para Streaming gratuito de audio y video HD (Sin costos adicionales).<\/li>\n<li>Creaci\u00f3n de secciones y subsecciones ilimitadas.<\/li>\n<li>Creaci\u00f3n de men\u00fas<\/li>\n<\/ul>\n","protected":false},"excerpt":{"rendered":"<p>Los portales informativos constituyen una alternativa m\u00e1s potente, econ\u00f3mica y flexible que la tradicional revista impresa. Le permitir\u00e1 exponer noticias, novedades, art\u00edculos y comunicados al mundo entero las 24 horas del d\u00eda los 365 d\u00edas del a\u00f1o. Los portales informativos [&hellip;]<\/p>\n","protected":false},"author":1,"featured_media":0,"parent":0,"menu_order":0,"comment_status":"open","ping_status":"open","template":"","meta":{"footnotes":""},"_links":{"self":[{"href":"https:\/\/www.nubecix.com\/index.php?rest_route=\/wp\/v2\/pages\/33"}],"collection":[{"href":"https:\/\/www.nubecix.com\/index.php?rest_route=\/wp\/v2\/pages"}],"about":[{"href":"https:\/\/www.nubecix.com\/index.php?rest_route=\/wp\/v2\/types\/page"}],"author":[{"embeddable":true,"href":"https:\/\/www.nubecix.com\/index.php?rest_route=\/wp\/v2\/users\/1"}],"replies":[{"embeddable":true,"href":"https:\/\/www.nubecix.com\/index.php?rest_route=%2Fwp%2Fv2%2Fcomments&post=33"}],"version-history":[{"count":5,"href":"https:\/\/www.nubecix.com\/index.php?rest_route=\/wp\/v2\/pages\/33\/revisions"}],"predecessor-version":[{"id":41,"href":"https:\/\/www.nubecix.com\/index.php?rest_route=\/wp\/v2\/pages\/33\/revisions\/41"}],"wp:attachment":[{"href":"https:\/\/www.nubecix.com\/index.php?rest_route=%2Fwp%2Fv2%2Fmedia&parent=33"}],"curies":[{"name":"wp","href":"https:\/\/api.w.org\/{rel}","templated":true}]}}